{"id":271,"date":"2021-07-29T21:00:47","date_gmt":"2021-07-29T21:00:47","guid":{"rendered":"http:\/\/www.bulentayan.com\/?page_id=271"},"modified":"2021-07-29T22:12:23","modified_gmt":"2021-07-29T22:12:23","slug":"intac-icr-intracorneal-halka-keratokonus-hastaligi","status":"publish","type":"page","link":"http:\/\/www.bulentayan.com\/index.php\/intac-icr-intracorneal-halka-keratokonus-hastaligi\/","title":{"rendered":"Intac ICR (Intracorneal halka) (Keratokonus Hastal\u0131\u011f\u0131)"},"content":{"rendered":"","protected":false},"excerpt":{"rendered":"","protected":false},"author":1,"featured_media":0,"parent":0,"menu_order":0,"comment_status":"closed","ping_status":"closed","template":"","meta":[],"_links":{"self":[{"href":"http:\/\/www.bulentayan.com\/index.php\/wp-json\/wp\/v2\/pages\/271"}],"collection":[{"href":"http:\/\/www.bulentayan.com\/index.php\/wp-json\/wp\/v2\/pages"}],"about":[{"href":"http:\/\/www.bulentayan.com\/index.php\/wp-json\/wp\/v2\/types\/page"}],"author":[{"embeddable":true,"href":"http:\/\/www.bulentayan.com\/index.php\/wp-json\/wp\/v2\/users\/1"}],"replies":[{"embeddable":true,"href":"http:\/\/www.bulentayan.com\/index.php\/wp-json\/wp\/v2\/comments?post=271"}],"version-history":[{"count":2,"href":"http:\/\/www.bulentayan.com\/index.php\/wp-json\/wp\/v2\/pages\/271\/revisions"}],"predecessor-version":[{"id":333,"href":"http:\/\/www.bulentayan.com\/index.php\/wp-json\/wp\/v2\/pages\/271\/revisions\/333"}],"wp:attachment":[{"href":"http:\/\/www.bulentayan.com\/index.php\/wp-json\/wp\/v2\/media?parent=271"}],"curies":[{"name":"wp","href":"https:\/\/api.w.org\/{rel}","templated":true}]}}